{"id":295,"date":"2024-08-25T04:18:47","date_gmt":"2024-08-25T04:18:47","guid":{"rendered":"https:\/\/merida.themepul.com\/?page_id=295"},"modified":"2025-09-25T13:14:17","modified_gmt":"2025-09-25T04:14:17","slug":"contact","status":"publish","type":"page","link":"https:\/\/kjsjapan.com\/new\/contact\/","title":{"rendered":"\u304a\u554f\u3044\u5408\u308f\u305b"},"content":{"rendered":"\t\t<div data-elementor-type=\"wp-page\" data-elementor-id=\"295\" class=\"elementor elementor-295\">\n\t\t\t\t<div class=\"elementor-element elementor-element-b0c6ddd e-flex e-con-boxed e-con e-parent\" data-id=\"b0c6ddd\" data-element_type=\"container\" data-e-type=\"container\">\n\t\t\t\t\t<div class=\"e-con-inner\">\n\t\t<div class=\"elementor-element elementor-element-3a3154d e-con-full e-flex e-con e-child\" data-id=\"3a3154d\" data-element_type=\"container\" data-e-type=\"container\" data-settings=\"{&quot;background_background&quot;:&quot;classic&quot;}\">\n\t\t\t\t<div class=\"elementor-element elementor-element-07b2260 elementor-widget elementor-widget-merida_title_Widget\" data-id=\"07b2260\" data-element_type=\"widget\" data-e-type=\"widget\" data-widget_type=\"merida_title_Widget.default\">\n\t\t\t\t<div class=\"elementor-widget-container\">\n\t\t\t\t\t        <div class=\"container\">\n            <div class=\"merida-section-title-wrapper\">\n                <div class=\"merida-section-title-content position-relative\">\n                                                                <h2 class=\"merida-section-title\">\n                            \u304a\u554f\u3044\u5408\u308f\u305b                        <\/h2>\n                    \n                                            <div class=\"merida-section-description\">\n                            \u00a0<span style=\"font-size: 24pt\">\u96fb\u8a71\u756a\u53f7:<a href=\"tel:0480-539088\"><strong>0480-53-9088<\/strong><\/a><\/span><br \/><br \/>\u304a\u96fb\u8a71\u307e\u305f\u306f\u4e0b\u8a18\u30e1\u30fc\u30eb\u30d5\u30a9\u30fc\u30e0\u3088\u308a\u304a\u6c17\u8efd\u306b\u304a\u554f\u3044\u5408\u308f\u305b\u4e0b\u3055\u3044\u3002                        <\/div>\n                                                        <\/div>\n            <\/div>\n        <\/div>\n\n\t\t\t\t<\/div>\n\t\t\t\t<\/div>\n\t\t\t\t<div class=\"elementor-element elementor-element-bf4e266 elementor-widget elementor-widget-merida_ctf7\" data-id=\"bf4e266\" data-element_type=\"widget\" data-e-type=\"widget\" data-widget_type=\"merida_ctf7.default\">\n\t\t\t\t<div class=\"elementor-widget-container\">\n\t\t\t\t\t        <script>\n            jQuery(document).ready(function($) {\n                \"use strict\";\n                const dateField = document.querySelector('input[type=\"date\"]');\n                if (dateField) {\n                    dateField.addEventListener('focus', function() {\n                        this.showPicker(); \n                    });\n                }\n            });\n        <\/script>\n\n\n        <div class=\"merida-ctf7s-wrapper\">\n                            <div class=\"container\">\n                    \n<div class=\"wpcf7 no-js\" id=\"wpcf7-f4356-o1\" lang=\"ja\" dir=\"ltr\" data-wpcf7-id=\"4356\">\n<div class=\"screen-reader-response\"><p role=\"status\" aria-live=\"polite\" aria-atomic=\"true\"><\/p> <ul><\/ul><\/div>\n<form action=\"\/new\/wp-json\/wp\/v2\/pages\/295#wpcf7-f4356-o1\" method=\"post\" class=\"wpcf7-form init\" aria-label=\"\u30b3\u30f3\u30bf\u30af\u30c8\u30d5\u30a9\u30fc\u30e0\" novalidate=\"novalidate\" data-status=\"init\">\n<div style=\"display: none;\">\n<input type=\"hidden\" name=\"_wpcf7\" value=\"4356\" \/>\n<input type=\"hidden\" name=\"_wpcf7_version\" value=\"6.0.6\" \/>\n<input type=\"hidden\" name=\"_wpcf7_locale\" value=\"ja\" \/>\n<input type=\"hidden\" name=\"_wpcf7_unit_tag\" value=\"wpcf7-f4356-o1\" \/>\n<input type=\"hidden\" name=\"_wpcf7_container_post\" value=\"0\" \/>\n<input type=\"hidden\" name=\"_wpcf7_posted_data_hash\" value=\"\" \/>\n<\/div>\n<table class=\"CF7_table\">\n\n\t<tr>\n\t\t<th><span class=\"CF7_req\">\u5fc5\u9808<\/span> \u3054\u76f8\u8ac7\u5185\u5bb9<\/th>\n\t\t<td><span class=\"wpcf7-form-control-wrap\" data-name=\"checkbox-inq\"><span class=\"wpcf7-form-control wpcf7-checkbox wpcf7-validates-as-required\"><span class=\"wpcf7-list-item first\"><input type=\"checkbox\" name=\"checkbox-inq[]\" value=\"\u3054\u76f8\u8ac7\" \/><span class=\"wpcf7-list-item-label\">\u3054\u76f8\u8ac7<\/span><\/span><span class=\"wpcf7-list-item\"><input type=\"checkbox\" name=\"checkbox-inq[]\" value=\"\u304a\u898b\u7a4d\u3082\u308a\" \/><span class=\"wpcf7-list-item-label\">\u304a\u898b\u7a4d\u3082\u308a<\/span><\/span><span class=\"wpcf7-list-item\"><input type=\"checkbox\" name=\"checkbox-inq[]\" value=\"\u304a\u554f\u3044\u5408\u308f\u305b\" \/><span class=\"wpcf7-list-item-label\">\u304a\u554f\u3044\u5408\u308f\u305b<\/span><\/span><span class=\"wpcf7-list-item last\"><input type=\"checkbox\" name=\"checkbox-inq[]\" value=\"\u305d\u306e\u4ed6\" \/><span class=\"wpcf7-list-item-label\">\u305d\u306e\u4ed6<\/span><\/span><\/span><\/span><\/td>\n\t<\/tr>\n\n\t<tr>\n\t\t<th><span class=\"CF7_req\">\u5fc5\u9808<\/span> \u304a\u540d\u524d<\/th>\n\t\t<td><span class=\"wpcf7-form-control-wrap\" data-name=\"your-name\"><input size=\"40\" maxlength=\"400\" class=\"wpcf7-form-control wpcf7-text wpcf7-validates-as-required\" aria-required=\"true\" aria-invalid=\"false\" placeholder=\"\u4f8b\uff1a\u3042\u306a\u305f\u306e\u304a\u540d\u524d\" value=\"\" type=\"text\" name=\"your-name\" \/><\/span> <\/td>\n\t<\/tr>\n\n\t<tr>\n\t\t<th><span class=\"CF7_req\">\u5fc5\u9808<\/span> \u30e1\u30fc\u30eb\u30a2\u30c9\u30ec\u30b9<\/th>\n\t\t<td><span class=\"wpcf7-form-control-wrap\" data-name=\"your-email\"><input size=\"40\" maxlength=\"400\" class=\"wpcf7-form-control wpcf7-email wpcf7-validates-as-required wpcf7-text wpcf7-validates-as-email\" aria-required=\"true\" aria-invalid=\"false\" placeholder=\"\u4f8b\uff1a\u00d7\u00d7\u00d7@\u00d7\u00d7\u00d7.com\" value=\"\" type=\"email\" name=\"your-email\" \/><\/span><\/td>\n\t<\/tr>\n\n\t<tr>\n\t\t<th><span class=\"CF7_unreq\">\u4efb\u610f<\/span>\u4f1a\u793e\u540d<\/th>\n\t\t<td><span class=\"wpcf7-form-control-wrap\" data-name=\"your-company\"><input size=\"40\" maxlength=\"400\" class=\"wpcf7-form-control wpcf7-text\" aria-invalid=\"false\" placeholder=\"\u4f8b\uff1a\u25ef\u25ef\u682a\u5f0f\u4f1a\u793e\" value=\"\" type=\"text\" name=\"your-company\" \/><\/span><\/td>\n\t<\/tr>\n\n\t<tr>\n\t\t<th><span class=\"CF7_req\">\u5fc5\u9808<\/span>\u90f5\u4fbf\u756a\u53f7<\/th>\n\t\t<td><span class=\"wpcf7-form-control-wrap\" data-name=\"zip\"><input size=\"40\" maxlength=\"400\" class=\"wpcf7-form-control wpcf7-text wpcf7-validates-as-required\" id=\"zip\" aria-required=\"true\" aria-invalid=\"false\" placeholder=\"\u4f8b\uff1a123-4567\" value=\"\" type=\"text\" name=\"zip\" \/><\/span> <\/td>\n\t<\/tr>\n\n\t<tr>\n\t\t<th><span class=\"CF7_req\">\u5fc5\u9808<\/span>\u90fd\u9053\u5e9c\u770c<\/th>\n\t\t<td><span class=\"wpcf7-form-control-wrap\" data-name=\"pref\"><input size=\"40\" maxlength=\"400\" class=\"wpcf7-form-control wpcf7-text wpcf7-validates-as-required\" id=\"pref\" aria-required=\"true\" aria-invalid=\"false\" placeholder=\"\u4f8b\uff1a\u6771\u4eac\u90fd\" value=\"\" type=\"text\" name=\"pref\" \/><\/span><\/td>\n\t<\/tr>\n\n\t<tr>\n\t\t<th><span class=\"CF7_req\">\u5fc5\u9808<\/span>\u3054\u4f4f\u6240<\/th>\n\t\t<td class=\"address-100\"><span class=\"wpcf7-form-control-wrap\" data-name=\"addr\"><input size=\"40\" maxlength=\"400\" class=\"wpcf7-form-control wpcf7-text wpcf7-validates-as-required\" id=\"addr\" aria-required=\"true\" aria-invalid=\"false\" placeholder=\"\u4f8b\uff1a\u4e2d\u592e\u533a\u9280\u5ea7\uff11\uff12\uff13\uff14\uff15\" value=\"\" type=\"text\" name=\"addr\" \/><\/span><\/td>\n\t<\/tr>\n\n\t<tr>\n\t\t<th><span class=\"CF7_req\">\u5fc5\u9808<\/span>\u304a\u96fb\u8a71\u756a\u53f7<\/th>\n\t\t<td><span class=\"wpcf7-form-control-wrap\" data-name=\"your-tel\"><input size=\"40\" maxlength=\"400\" class=\"wpcf7-form-control wpcf7-text wpcf7-validates-as-required\" aria-required=\"true\" aria-invalid=\"false\" placeholder=\"\u4f8b\uff1a03-1234-5678\" value=\"\" type=\"text\" name=\"your-tel\" \/><\/span><\/td>\n\t<\/tr>\n\n\t<tr>\n\t\t<th><span class=\"CF7_req\">\u5fc5\u9808<\/span>\u30e1\u30c3\u30bb\u30fc\u30b8\u672c\u6587<\/th>\n\t\t<td class=\"message-100\"><span class=\"wpcf7-form-control-wrap\" data-name=\"your-message\"><textarea cols=\"40\" rows=\"10\" maxlength=\"2000\" class=\"wpcf7-form-control wpcf7-textarea wpcf7-validates-as-required\" aria-required=\"true\" aria-invalid=\"false\" placeholder=\"\u304a\u554f\u3044\u5408\u308f\u305b\u5185\u5bb9\u3092\u3054\u8a18\u5165\u304f\u3060\u3055\u3044\" name=\"your-message\"><\/textarea><\/span>\u3000\t\t<\/td>\n\t<\/tr>\n\n<\/table>\n<p class=\"CF7_btn\"><input class=\"wpcf7-form-control wpcf7-submit has-spinner\" type=\"submit\" value=\"\u9001\u4fe1\u3059\u308b\" \/><\/p><div class=\"wpcf7-response-output\" aria-hidden=\"true\"><\/div>\n<\/form>\n<\/div>\n                <\/div>\n                    <\/div>\n\n\t\t\t\t<\/div>\n\t\t\t\t<\/div>\n\t\t\t\t<\/div>\n\t\t\t\t\t<\/div>\n\t\t\t\t<\/div>\n\t\t\t\t<\/div>\n\t\t","protected":false},"excerpt":{"rendered":"<p>\u304a\u554f\u3044\u5408\u308f\u305b \u00a0\u96fb\u8a71\u756a\u53f7:0480-53-9088 \u304a\u96fb\u8a71\u307e\u305f\u306f\u4e0b\u8a18\u30e1\u30fc\u30eb\u30d5\u30a9\u30fc\u30e0\u3088\u308a\u304a\u6c17\u8efd\u306b\u304a\u554f\u3044\u5408\u308f\u305b\u4e0b\u3055\u3044\u3002 \u5fc5\u9808 \u3054\u76f8\u8ac7\u5185\u5bb9 \u3054\u76f8\u8ac7\u304a\u898b\u7a4d\u3082\u308a\u304a\u554f\u3044\u5408\u308f\u305b\u305d\u306e\u4ed6 \u5fc5\u9808 \u304a\u540d\u524d \u5fc5\u9808 \u30e1\u30fc\u30eb\u30a2\u30c9\u30ec\u30b9 \u4efb\u610f\u4f1a\u793e\u540d \u5fc5\u9808\u90f5\u4fbf\u756a\u53f7 \u5fc5\u9808\u90fd\u9053\u5e9c\u770c \u5fc5\u9808\u3054\u4f4f\u6240 \u5fc5\u9808\u304a\u96fb\u8a71\u756a\u53f7 \u5fc5\u9808\u30e1\u30c3\u30bb\u30fc\u30b8\u672c\u6587 \u3000<\/p>\n","protected":false},"author":1,"featured_media":0,"parent":0,"menu_order":0,"comment_status":"closed","ping_status":"closed","template":"blank-template.php","meta":{"footnotes":""},"class_list":["post-295","page","type-page","status-publish","hentry"],"_links":{"self":[{"href":"https:\/\/kjsjapan.com\/new\/wp-json\/wp\/v2\/pages\/295","targetHints":{"allow":["GET"]}}],"collection":[{"href":"https:\/\/kjsjapan.com\/new\/wp-json\/wp\/v2\/pages"}],"about":[{"href":"https:\/\/kjsjapan.com\/new\/wp-json\/wp\/v2\/types\/page"}],"author":[{"embeddable":true,"href":"https:\/\/kjsjapan.com\/new\/wp-json\/wp\/v2\/users\/1"}],"replies":[{"embeddable":true,"href":"https:\/\/kjsjapan.com\/new\/wp-json\/wp\/v2\/comments?post=295"}],"version-history":[{"count":27,"href":"https:\/\/kjsjapan.com\/new\/wp-json\/wp\/v2\/pages\/295\/revisions"}],"predecessor-version":[{"id":4377,"href":"https:\/\/kjsjapan.com\/new\/wp-json\/wp\/v2\/pages\/295\/revisions\/4377"}],"wp:attachment":[{"href":"https:\/\/kjsjapan.com\/new\/wp-json\/wp\/v2\/media?parent=295"}],"curies":[{"name":"wp","href":"https:\/\/api.w.org\/{rel}","templated":true}]}}